{"id":5740,"date":"2020-04-17T17:05:01","date_gmt":"2020-04-17T15:05:01","guid":{"rendered":"https:\/\/cistocarijeka.hr\/education\/activities\/mjesavina-lukovica-za-bioraznolikost-u-vrtu\/"},"modified":"2020-12-18T13:41:00","modified_gmt":"2020-12-18T12:41:00","slug":"diverse-bulbs-for-biodiversity-in-the-garden","status":"publish","type":"page","link":"https:\/\/cistocarijeka.hr\/en\/education\/activities\/diverse-bulbs-for-biodiversity-in-the-garden\/","title":{"rendered":"Diverse bulbs for biodiversity in the garden"},"content":{"rendered":"\n<h2 class=\"wp-block-heading\"><strong>Action by UC \u010cisto\u0107a Rijeka<\/strong><\/h2>\n\n\n\n<p>During December 2019, UC \u010cisto\u0107a Rijeka gave out flower bulbs to citizens.<\/p>\n\n\n\n<p>All citizens who properly disposed of bulky household waste or green backyard waste in the Recycling Yard Miha\u010deva Draga received a canvas bag containing a mixture of bulbs for preserving biodiversity in the garden, along with planting instructions.<\/p>\n\n\n\n<p>Bulbs bloom from April to June and contribute to the preservation of biodiversity.<\/p>\n","protected":false},"excerpt":{"rendered":"<p>Action by UC \u010cisto\u0107a Rijeka During December 2019, UC \u010cisto\u0107a Rijeka gave out flower bulbs to citizens. All citizens who properly disposed of bulky household waste [&hellip;]<\/p>\n","protected":false},"author":5,"featured_media":5442,"parent":5712,"menu_order":2,"comment_status":"closed","ping_status":"closed","template":"template-childbox.php","meta":{"_acf_changed":false,"footnotes":""},"class_list":["post-5740","page","type-page","status-publish","has-post-thumbnail","hentry"],"acf":[],"jetpack_sharing_enabled":true,"_links":{"self":[{"href":"https:\/\/cistocarijeka.hr\/en\/wp-json\/wp\/v2\/pages\/5740","targetHints":{"allow":["GET"]}}],"collection":[{"href":"https:\/\/cistocarijeka.hr\/en\/wp-json\/wp\/v2\/pages"}],"about":[{"href":"https:\/\/cistocarijeka.hr\/en\/wp-json\/wp\/v2\/types\/page"}],"author":[{"embeddable":true,"href":"https:\/\/cistocarijeka.hr\/en\/wp-json\/wp\/v2\/users\/5"}],"replies":[{"embeddable":true,"href":"https:\/\/cistocarijeka.hr\/en\/wp-json\/wp\/v2\/comments?post=5740"}],"version-history":[{"count":0,"href":"https:\/\/cistocarijeka.hr\/en\/wp-json\/wp\/v2\/pages\/5740\/revisions"}],"up":[{"embeddable":true,"href":"https:\/\/cistocarijeka.hr\/en\/wp-json\/wp\/v2\/pages\/5712"}],"wp:featuredmedia":[{"embeddable":true,"href":"https:\/\/cistocarijeka.hr\/en\/wp-json\/wp\/v2\/media\/5442"}],"wp:attachment":[{"href":"https:\/\/cistocarijeka.hr\/en\/wp-json\/wp\/v2\/media?parent=5740"}],"curies":[{"name":"wp","href":"https:\/\/api.w.org\/{rel}","templated":true}]}}