{"id":5738,"date":"2020-04-17T14:22:54","date_gmt":"2020-04-17T12:22:54","guid":{"rendered":"https:\/\/cistocarijeka.hr\/education\/activities\/kultura-za-kulturu-postupanja-s-otpadom\/"},"modified":"2020-12-18T13:40:07","modified_gmt":"2020-12-18T12:40:07","slug":"culture-for-waste-disposal-culture","status":"publish","type":"page","link":"https:\/\/cistocarijeka.hr\/en\/education\/activities\/culture-for-waste-disposal-culture\/","title":{"rendered":"Culture for waste disposal culture"},"content":{"rendered":"\n<h2 class=\"wp-block-heading\"><strong>Action by UC \u010cisto\u0107a and Ivan Zajc Rijeka Croatian National Theatre<\/strong><\/h2>\n\n\n\n<p>During November 2019, UC \u010cisto\u0107a Rijeka invited citizens who had bulky household waste or green waste from backyards to properly dispose of it in the Central Recycling Yard Miha\u010deva Draga (Miha\u010deva draga 37, Rijeka).<\/p>\n\n\n\n<p>The action was organized in cooperation with the Ivan Zajc Rijeka Croatian National Theatre. The first fifty citizens who brought their waste in the period from 8 to 15 November 2019 and properly disposed of it in the recycling yard, were rewarded by UC \u010cisto\u0107a with two tickets for the play La Commedia \/ True Comedy, an omnibus performance held at the Ivan Zajc Theatre on 15 November 2019 at 7:30 p.m. The number of tickets was limited and the winners were given out two tickets each.<\/p>\n","protected":false},"excerpt":{"rendered":"<p>Action by UC \u010cisto\u0107a and Ivan Zajc Rijeka Croatian National Theatre During November 2019, UC \u010cisto\u0107a Rijeka invited citizens who had bulky household waste or green [&hellip;]<\/p>\n","protected":false},"author":5,"featured_media":5441,"parent":5712,"menu_order":2,"comment_status":"closed","ping_status":"closed","template":"template-childbox.php","meta":{"_acf_changed":false,"footnotes":""},"class_list":["post-5738","page","type-page","status-publish","has-post-thumbnail","hentry"],"acf":[],"jetpack_sharing_enabled":true,"_links":{"self":[{"href":"https:\/\/cistocarijeka.hr\/en\/wp-json\/wp\/v2\/pages\/5738","targetHints":{"allow":["GET"]}}],"collection":[{"href":"https:\/\/cistocarijeka.hr\/en\/wp-json\/wp\/v2\/pages"}],"about":[{"href":"https:\/\/cistocarijeka.hr\/en\/wp-json\/wp\/v2\/types\/page"}],"author":[{"embeddable":true,"href":"https:\/\/cistocarijeka.hr\/en\/wp-json\/wp\/v2\/users\/5"}],"replies":[{"embeddable":true,"href":"https:\/\/cistocarijeka.hr\/en\/wp-json\/wp\/v2\/comments?post=5738"}],"version-history":[{"count":0,"href":"https:\/\/cistocarijeka.hr\/en\/wp-json\/wp\/v2\/pages\/5738\/revisions"}],"up":[{"embeddable":true,"href":"https:\/\/cistocarijeka.hr\/en\/wp-json\/wp\/v2\/pages\/5712"}],"wp:featuredmedia":[{"embeddable":true,"href":"https:\/\/cistocarijeka.hr\/en\/wp-json\/wp\/v2\/media\/5441"}],"wp:attachment":[{"href":"https:\/\/cistocarijeka.hr\/en\/wp-json\/wp\/v2\/media?parent=5738"}],"curies":[{"name":"wp","href":"https:\/\/api.w.org\/{rel}","templated":true}]}}