{"id":5641,"date":"2020-03-13T18:02:05","date_gmt":"2020-03-13T17:02:05","guid":{"rendered":"https:\/\/cistocarijeka.hr\/edukacija\/teme\/sustainable-waste-management\/sprijeci-nastanak-otpada\/"},"modified":"2020-12-18T12:53:04","modified_gmt":"2020-12-18T11:53:04","slug":"prevent-waste-generation","status":"publish","type":"page","link":"https:\/\/cistocarijeka.hr\/en\/education\/topics\/sustainable-waste-management\/prevent-waste-generation\/","title":{"rendered":"Prevent waste generation"},"content":{"rendered":"\n<blockquote class=\"wp-block-quote is-layout-flow wp-block-quote-is-layout-flow\"><p>Waste prevention happens before a material or product has become waste at all.<\/p><\/blockquote>\n\n\n\n<p>Thinking about waste prevention starts before you buy a product, before you make a purchase decision. It is primarily about planning or changing the way you plan many and different activities in life, which should include an important goal from the very beginning \u2013 to prevent waste.<\/p>\n\n\n\n<p><strong>Here are some examples of thinking along these lines<\/strong>:<br><\/p>\n\n\n\n<div class=\"wp-block-media-text alignwide is-stacked-on-mobile graphic-info\" style=\"grid-template-columns:36% auto\"><figure class=\"wp-block-media-text__media\"><img loading=\"lazy\" decoding=\"async\" width=\"126\" height=\"124\" data-attachment-id=\"5355\" data-permalink=\"https:\/\/cistocarijeka.hr\/en\/education\/topics\/sustainable-waste-management\/prevent-waste-generation\/ill-printer\/\" data-orig-file=\"https:\/\/cistocarijeka.hr\/cms\/wp-content\/uploads\/2020\/03\/ill-printer.svg\" data-orig-size=\"126,124\" data-comments-opened=\"0\" data-image-meta=\"[]\" data-image-title=\"ill-printer\" data-image-description=\"\" data-image-caption=\"\" data-large-file=\"https:\/\/cistocarijeka.hr\/cms\/wp-content\/uploads\/2020\/03\/ill-printer.svg\" src=\"https:\/\/cistocarijeka.hr\/cms\/wp-content\/uploads\/\/2020\/03\/ill-printer.svg\" alt=\"\" class=\"wp-image-5355 size-full\"\/><\/figure><div class=\"wp-block-media-text__content\">\n<p class=\"has-medium-font-size\">Instead of printing and sending out hard copies, I use email.<\/p>\n<\/div><\/div>\n\n\n\n<div class=\"wp-block-media-text alignwide has-media-on-the-right is-stacked-on-mobile graphic-info\" style=\"grid-template-columns:auto 36%\"><figure class=\"wp-block-media-text__media\"><img loading=\"lazy\" decoding=\"async\" width=\"176\" height=\"95\" data-attachment-id=\"5357\" data-permalink=\"https:\/\/cistocarijeka.hr\/en\/education\/topics\/sustainable-waste-management\/prevent-waste-generation\/ill-kaseta\/\" data-orig-file=\"https:\/\/cistocarijeka.hr\/cms\/wp-content\/uploads\/2020\/03\/ill-kaseta.svg\" data-orig-size=\"176,95\" data-comments-opened=\"0\" data-image-meta=\"[]\" data-image-title=\"ill-kaseta\" data-image-description=\"\" data-image-caption=\"\" data-large-file=\"https:\/\/cistocarijeka.hr\/cms\/wp-content\/uploads\/2020\/03\/ill-kaseta.svg\" src=\"https:\/\/cistocarijeka.hr\/cms\/wp-content\/uploads\/\/2020\/03\/ill-kaseta.svg\" alt=\"\" class=\"wp-image-5357 size-full\"\/><\/figure><div class=\"wp-block-media-text__content\">\n<p class=\"has-medium-font-size\">Instead of buying products wrapped in multiple paper packaging, I opt for products without any wrapping and packaging.<\/p>\n<\/div><\/div>\n\n\n\n<div class=\"wp-block-media-text alignwide is-stacked-on-mobile graphic-info\" style=\"grid-template-columns:36% auto\"><figure class=\"wp-block-media-text__media\"><img loading=\"lazy\" decoding=\"async\" width=\"188\" height=\"197\" data-attachment-id=\"5356\" data-permalink=\"https:\/\/cistocarijeka.hr\/en\/education\/topics\/sustainable-waste-management\/prevent-waste-generation\/ill-papir\/\" data-orig-file=\"https:\/\/cistocarijeka.hr\/cms\/wp-content\/uploads\/2020\/03\/ill-papir.svg\" data-orig-size=\"188,197\" data-comments-opened=\"0\" data-image-meta=\"[]\" data-image-title=\"ill-papir\" data-image-description=\"\" data-image-caption=\"\" data-large-file=\"https:\/\/cistocarijeka.hr\/cms\/wp-content\/uploads\/2020\/03\/ill-papir.svg\" src=\"https:\/\/cistocarijeka.hr\/cms\/wp-content\/uploads\/\/2020\/03\/ill-papir.svg\" alt=\"\" class=\"wp-image-5356 size-full\"\/><\/figure><div class=\"wp-block-media-text__content\">\n<p class=\"has-medium-font-size\">I use linen instead of paper napkins.<\/p>\n\n\n\n<p class=\"has-medium-font-size\">Instead of making flyers and posters, I use online advertising.<\/p>\n<\/div><\/div>\n\n\n\n<ul class=\"wp-block-list\"><li>Instead of plastic or paper, I use canvas bags,<\/li><li>I exchange used clothing with my friends, neighbours, relatives, acquaintances, or I donate them to the less fortunate,<\/li><li>I buy reasonable quantities of food \u2013 I don\u2019t buy excessive amounts because I know it will spoil and I will have to throw it away later,<\/li><li>I use reusable products,<\/li><li>I don\u2019t use disposable products,<\/li><li>I choose a reusable glass bottle instead of disposable plastic packaging.<\/li><\/ul>\n\n\n\n<div class=\"wp-block-media-text alignwide is-stacked-on-mobile graphic-info\" style=\"grid-template-columns:36% auto\"><figure class=\"wp-block-media-text__media\"><img loading=\"lazy\" decoding=\"async\" width=\"115\" height=\"144\" data-attachment-id=\"5359\" data-permalink=\"https:\/\/cistocarijeka.hr\/en\/education\/topics\/sustainable-waste-management\/prevent-waste-generation\/ill-baterija\/\" data-orig-file=\"https:\/\/cistocarijeka.hr\/cms\/wp-content\/uploads\/2020\/03\/ill-baterija.svg\" data-orig-size=\"115,144\" data-comments-opened=\"0\" data-image-meta=\"[]\" data-image-title=\"ill-baterija\" data-image-description=\"\" data-image-caption=\"\" data-large-file=\"https:\/\/cistocarijeka.hr\/cms\/wp-content\/uploads\/2020\/03\/ill-baterija.svg\" src=\"https:\/\/cistocarijeka.hr\/cms\/wp-content\/uploads\/\/2020\/03\/ill-baterija.svg\" alt=\"\" class=\"wp-image-5359 size-full\"\/><\/figure><div class=\"wp-block-media-text__content\">\n<p class=\"has-medium-font-size\">I buy household appliances or devices that use rechargeable batteries.<\/p>\n<\/div><\/div>\n\n\n\n<div class=\"wp-block-media-text alignwide has-media-on-the-right is-stacked-on-mobile graphic-info\" style=\"grid-template-columns:auto 36%\"><figure class=\"wp-block-media-text__media\"><img loading=\"lazy\" decoding=\"async\" width=\"139\" height=\"192\" data-attachment-id=\"5358\" data-permalink=\"https:\/\/cistocarijeka.hr\/en\/education\/topics\/sustainable-waste-management\/prevent-waste-generation\/ill-frizider\/\" data-orig-file=\"https:\/\/cistocarijeka.hr\/cms\/wp-content\/uploads\/2020\/03\/ill-frizider.svg\" data-orig-size=\"139,192\" data-comments-opened=\"0\" data-image-meta=\"[]\" data-image-title=\"ill-frizider\" data-image-description=\"\" data-image-caption=\"\" data-large-file=\"https:\/\/cistocarijeka.hr\/cms\/wp-content\/uploads\/2020\/03\/ill-frizider.svg\" src=\"https:\/\/cistocarijeka.hr\/cms\/wp-content\/uploads\/\/2020\/03\/ill-frizider.svg\" alt=\"\" class=\"wp-image-5358 size-full\"\/><\/figure><div class=\"wp-block-media-text__content\">\n<p class=\"has-medium-font-size\">I will repair a defective appliance instead of shopping for a new one immediately.<\/p>\n<\/div><\/div>\n\n\n\n<figure class=\"wp-block-embed is-type-video is-provider-youtube wp-block-embed-youtube wp-embed-aspect-16-9 wp-has-aspect-ratio\"><div class=\"wp-block-embed__wrapper\">\n<div class=\"jetpack-video-wrapper\"><iframe loading=\"lazy\" title=\"Grad Rijeka - KD \u010cisto\u0107a - Spre\u010davanje nastanka otpada\" width=\"640\" height=\"360\" src=\"https:\/\/www.youtube-nocookie.com\/embed\/iUUpS6Yz7qw?feature=oembed\" frameborder=\"0\" allow=\"accelerometer; autoplay; clipboard-write; encrypted-media; gyroscope; picture-in-picture; web-share\" referrerpolicy=\"strict-origin-when-cross-origin\" allowfullscreen><\/iframe><\/div>\n<\/div><\/figure>\n","protected":false},"excerpt":{"rendered":"<p>Waste prevention happens before a material or product has become waste at all<\/p>\n","protected":false},"author":2,"featured_media":5452,"parent":5639,"menu_order":3,"comment_status":"closed","ping_status":"closed","template":"","meta":{"_acf_changed":false,"footnotes":""},"class_list":["post-5641","page","type-page","status-publish","has-post-thumbnail","hentry"],"acf":[],"jetpack_sharing_enabled":true,"_links":{"self":[{"href":"https:\/\/cistocarijeka.hr\/en\/wp-json\/wp\/v2\/pages\/5641","targetHints":{"allow":["GET"]}}],"collection":[{"href":"https:\/\/cistocarijeka.hr\/en\/wp-json\/wp\/v2\/pages"}],"about":[{"href":"https:\/\/cistocarijeka.hr\/en\/wp-json\/wp\/v2\/types\/page"}],"author":[{"embeddable":true,"href":"https:\/\/cistocarijeka.hr\/en\/wp-json\/wp\/v2\/users\/2"}],"replies":[{"embeddable":true,"href":"https:\/\/cistocarijeka.hr\/en\/wp-json\/wp\/v2\/comments?post=5641"}],"version-history":[{"count":0,"href":"https:\/\/cistocarijeka.hr\/en\/wp-json\/wp\/v2\/pages\/5641\/revisions"}],"up":[{"embeddable":true,"href":"https:\/\/cistocarijeka.hr\/en\/wp-json\/wp\/v2\/pages\/5639"}],"wp:featuredmedia":[{"embeddable":true,"href":"https:\/\/cistocarijeka.hr\/en\/wp-json\/wp\/v2\/media\/5452"}],"wp:attachment":[{"href":"https:\/\/cistocarijeka.hr\/en\/wp-json\/wp\/v2\/media?parent=5641"}],"curies":[{"name":"wp","href":"https:\/\/api.w.org\/{rel}","templated":true}]}}