{"id":4903,"date":"2019-08-28T15:41:28","date_gmt":"2019-08-28T13:41:28","guid":{"rendered":"https:\/\/cistocarijeka.hr\/zbrinjavanje-otpada\/glomazni-otpad\/"},"modified":"2021-02-05T14:30:57","modified_gmt":"2021-02-05T13:30:57","slug":"bulky-waste","status":"publish","type":"page","link":"https:\/\/cistocarijeka.hr\/en\/waste-management\/bulky-waste\/","title":{"rendered":"Bulky waste"},"content":{"rendered":"\n<h2 class=\"wp-block-heading\"><span class=\"has-inline-color has-very-dark-grey-color\">Bulky waste must not be disposed of in the environment, left on the streets or next to waste bins!<\/span><\/h2>\n\n\n\n<figure class=\"wp-block-image size-medium\"><img loading=\"lazy\" decoding=\"async\" width=\"640\" height=\"427\" data-attachment-id=\"4920\" data-permalink=\"https:\/\/cistocarijeka.hr\/en\/waste-management\/bulky-waste\/glomazni-otpad-na-ulici-midi-1\/\" data-orig-file=\"https:\/\/cistocarijeka.hr\/cms\/wp-content\/uploads\/2020\/04\/glomazni-otpad-na-ulici-midi-1.jpg\" data-orig-size=\"1920,1280\" data-comments-opened=\"0\" data-image-meta=\"{&quot;aperture&quot;:&quot;0&quot;,&quot;credit&quot;:&quot;&quot;,&quot;camera&quot;:&quot;&quot;,&quot;caption&quot;:&quot;&quot;,&quot;created_timestamp&quot;:&quot;0&quot;,&quot;copyright&quot;:&quot;&quot;,&quot;focal_length&quot;:&quot;0&quot;,&quot;iso&quot;:&quot;0&quot;,&quot;shutter_speed&quot;:&quot;0&quot;,&quot;title&quot;:&quot;&quot;,&quot;orientation&quot;:&quot;1&quot;}\" data-image-title=\"glomazni otpad na ulici MIDI\" data-image-description=\"\" data-image-caption=\"\" data-large-file=\"https:\/\/cistocarijeka.hr\/cms\/wp-content\/uploads\/2020\/04\/glomazni-otpad-na-ulici-midi-1-1280x853.jpg\" src=\"https:\/\/cistocarijeka.hr\/cms\/wp-content\/uploads\/2020\/04\/glomazni-otpad-na-ulici-midi-1-640x427.jpg\" alt=\"\" class=\"wp-image-4920\" srcset=\"https:\/\/cistocarijeka.hr\/cms\/wp-content\/uploads\/2020\/04\/glomazni-otpad-na-ulici-midi-1-640x427.jpg 640w, https:\/\/cistocarijeka.hr\/cms\/wp-content\/uploads\/2020\/04\/glomazni-otpad-na-ulici-midi-1-1280x853.jpg 1280w, https:\/\/cistocarijeka.hr\/cms\/wp-content\/uploads\/2020\/04\/glomazni-otpad-na-ulici-midi-1-768x512.jpg 768w, https:\/\/cistocarijeka.hr\/cms\/wp-content\/uploads\/2020\/04\/glomazni-otpad-na-ulici-midi-1-1536x1024.jpg 1536w, https:\/\/cistocarijeka.hr\/cms\/wp-content\/uploads\/2020\/04\/glomazni-otpad-na-ulici-midi-1.jpg 1920w\" sizes=\"auto, (max-width: 640px) 100vw, 640px\" \/><\/figure>\n\n\n\n<blockquote class=\"wp-block-quote is-layout-flow wp-block-quote-is-layout-flow\"><p>In the entire area of its operation UC \u010cisto\u0107a offers all users free collection and removal of bulky waste as well as the possibility for users to arrange individual transport at their own expense.<\/p><\/blockquote>\n\n\n\n<h2 class=\"wp-block-heading\"><strong><strong>Bulky waste removal of up to <\/strong>2 m\u00b3 annually at the user&#8217;s billing location<\/strong><\/h2>\n\n\n\n<div class=\"wp-block-group has-green-light-background-color has-background\"><div class=\"wp-block-group__inner-container is-layout-flow wp-block-group-is-layout-flow\">\n<h4 class=\"wp-block-heading\">For more information on the bulky waste removal service, please select your local self-government unit:<\/h4>\n\n\n\n<div class=\"wp-block-buttons is-layout-flex wp-block-buttons-is-layout-flex\">\n<div class=\"wp-block-button\"><a class=\"wp-block-button__link has-green-dark-color has-green-primary-background-color has-text-color has-background\" href=\"#bakar\" style=\"border-radius:5px\">Bakar<\/a><\/div>\n\n\n\n<div class=\"wp-block-button\"><a class=\"wp-block-button__link has-green-dark-color has-green-primary-background-color has-text-color has-background\" href=\"#cavle\" style=\"border-radius:5px\">\u010cavle<\/a><\/div>\n\n\n\n<div class=\"wp-block-button is-style-fill\"><a class=\"wp-block-button__link has-green-dark-color has-green-primary-background-color has-text-color has-background\" href=\"#jelenje\" style=\"border-radius:5px\">Jelenje<\/a><\/div>\n\n\n\n<div class=\"wp-block-button\"><a class=\"wp-block-button__link has-green-dark-color has-green-primary-background-color has-text-color has-background\" href=\"#kastav\" style=\"border-radius:5px\">Kastav<\/a><\/div>\n\n\n\n<div class=\"wp-block-button\"><a class=\"wp-block-button__link has-green-dark-color has-green-primary-background-color has-text-color has-background\" href=\"#klana\" style=\"border-radius:5px\">Klana<\/a><\/div>\n\n\n\n<div class=\"wp-block-button\"><a class=\"wp-block-button__link has-green-dark-color has-green-primary-background-color has-text-color has-background\" href=\"#kostrena\" style=\"border-radius:5px\">Kostrena<\/a><\/div>\n\n\n\n<div class=\"wp-block-button\"><a class=\"wp-block-button__link has-green-dark-color has-green-primary-background-color has-text-color has-background\" href=\"#kraljevica\" style=\"border-radius:5px\">Kraljevica<\/a><\/div>\n\n\n\n<div class=\"wp-block-button\"><a class=\"wp-block-button__link has-green-dark-color has-green-primary-background-color has-text-color has-background\" href=\"#rijeka\" style=\"border-radius:5px\">Rijeka<\/a><\/div>\n\n\n\n<div class=\"wp-block-button is-style-fill\"><a class=\"wp-block-button__link has-green-dark-color has-green-primary-background-color has-text-color has-background\" href=\"#viskovo\" style=\"border-radius:5px\">Vi\u0161kovo<\/a><\/div>\n<\/div>\n<\/div><\/div>\n\n\n\n<div class=\"wp-block-columns has-2-columns is-layout-flex wp-container-core-columns-is-layout-9d6595d7 wp-block-columns-is-layout-flex\">\n<div class=\"wp-block-column is-layout-flow wp-block-column-is-layout-flow\"><\/div>\n\n\n\n<div class=\"wp-block-column is-layout-flow wp-block-column-is-layout-flow\"><\/div>\n<\/div>\n\n\n\n<h2 class=\"wp-block-heading\" id=\"rijeka\">Rijeka<\/h2>\n\n\n\n<p>A request to UC \u010cisto\u0107a Ltd Rijeka for bulky waste removal from the area of the City of Rijeka can be submitted by filling out the bulky waste removal request form.<\/p>\n\n\n\n<p>In order to properly submit the request form, please fill it out with required information and save it to your computer.<\/p>\n\n\n\n<p><strong>Filled out request form can be submitted by<\/strong>:<\/p>\n\n\n\n<ul class=\"wp-block-list\"><li>email:&nbsp;<a href=\"mailto:glomazni.otpad@cistoca-ri.hr\">glomazni.otpad@cistoca-ri.hr<\/a><\/li><li>regular mail to the following address: KD \u010cisto\u0107a, Dolac 14, 51000 Rijeka<\/li><li>in person at: KD \u010cisto\u0107a, Dolac 14, Rijeka<\/li><\/ul>\n\n\n\n<p>For questions regarding bulky waste removal and assistance with filling out the request form, please call +385 51 374 730.<\/p>\n\n\n\n<div class=\"wp-block-file\"><a href=\"https:\/\/cistocarijeka.hr\/cms\/wp-content\/uploads\/2020\/05\/grad-rijeka-zahtjev-za-odvoz-glomaznog-otpada.pdf\">City of Rijeka \u2013 bulky waste removal request form (Note: the form is available in Croatian language only) <\/a><a href=\"https:\/\/cistocarijeka.hr\/cms\/wp-content\/uploads\/2020\/05\/grad-rijeka-zahtjev-za-odvoz-glomaznog-otpada.pdf\" class=\"wp-block-file__button\" download>Download<\/a><\/div>\n\n\n\n<p>Note: Instructions for filling out the bulky waste removal request form on your mobile devices (Android\/IOS) can be found on this <a rel=\"noreferrer noopener\" href=\"https:\/\/cistocarijeka.hr\/dokumenti\/upute-za-popunjavanje-zahtjeva-za-odvoz-glomaznog-otpada-na-mobilnim-uredajima-android-ios\/\" target=\"_blank\">link<\/a>.<\/p>\n\n\n\n<h2 class=\"wp-block-heading\" id=\"bakar\">Bakar<\/h2>\n\n\n\n<p>A request to UC \u010cisto\u0107a Ltd Rijeka for bulky waste removal from the area of the Town of Bakar can be submitted by filling out the bulky waste removal request form.<\/p>\n\n\n\n<div class=\"wp-block-file\"><a href=\"https:\/\/cistocarijeka.hr\/cms\/wp-content\/uploads\/2020\/02\/bakar-zahtjev-za-odvoz-glomaznog-otpada_1.pdf\">Document: bulky waste removal request form (Note: the form is available in Croatian language only)<\/a><a href=\"https:\/\/cistocarijeka.hr\/cms\/wp-content\/uploads\/2020\/02\/bakar-zahtjev-za-odvoz-glomaznog-otpada_1.pdf\" class=\"wp-block-file__button\" download>Download<\/a><\/div>\n\n\n\n<p>In order to properly submit the request form, please fill it out with required information, save it to your computer and send it to the following: <\/p>\n\n\n\n<p>email: <a href=\"mailto:glomazni.otpad@cistoca-ri.hr\">glomazni.otpad@cistoca-ri.hr<\/a><\/p>\n\n\n\n<p>For questions regarding bulky waste removal and assistance with filling out the request form:<\/p>\n\n\n\n<p> <a href=\"tel: +38551374730\">+385 51 374 730<\/a><br><a rel=\"noreferrer noopener\" href=\"https:\/\/www.bakar.hr\/\" target=\"_blank\">www.bakar.hr<\/a> <\/p>\n\n\n\n<p>Note: Instructions for filling out the bulky waste removal request form on your mobile devices (Android\/IOS) can be found on this <a rel=\"noreferrer noopener\" href=\"https:\/\/cistocarijeka.hr\/dokumenti\/upute-za-popunjavanje-zahtjeva-za-odvoz-glomaznog-otpada-na-mobilnim-uredajima-android-ios\/\" target=\"_blank\">link<\/a>.<\/p>\n\n\n\n<h2 class=\"wp-block-heading\" id=\"cavle\">\u010cavle<\/h2>\n\n\n\n<p>For bulky waste removal from the area of \u010cavle, please follow instructions provided on the website of the&nbsp;<a rel=\"noreferrer noopener\" href=\"https:\/\/www.cavle.hr\/komunalno\/odvoz-glomaznog-otpada-na-zahtjev-korisnika-do-2-m\u00b3\/\" target=\"_blank\">Municipality of \u010cavle<\/a>. Relevant departments from the Municipality of \u010cavle will then forward your request to UC \u010cisto\u0107a Ltd Rijeka.<\/p>\n\n\n\n<p>For questions regarding bulky waste removal and assistance with filling out the request form: <\/p>\n\n\n\n<p><a href=\"tel: +38551374730\">+385 51 374 730<\/a><br><a rel=\"noreferrer noopener\" href=\"http:\/\/www.cavle.hr\" target=\"_blank\">www.cavle.hr<\/a><\/p>\n\n\n\n<p>Note: Instructions for filling out the bulky waste removal request form on your mobile devices (Android\/IOS) can be found on this <a rel=\"noreferrer noopener\" href=\"https:\/\/cistocarijeka.hr\/dokumenti\/upute-za-popunjavanje-zahtjeva-za-odvoz-glomaznog-otpada-na-mobilnim-uredajima-android-ios\/\" target=\"_blank\">link<\/a>.<\/p>\n\n\n\n<h2 class=\"wp-block-heading\" id=\"jelenje\">Jelenje<\/h2>\n\n\n\n<p>For bulky waste removal from the area of Jelenje, please follow instructions provided on the website of the&nbsp;<a rel=\"noreferrer noopener\" href=\"https:\/\/www.jelenje.hr\/ostalo\/servisne-informacije\" target=\"_blank\">Municipality of Jelenje<\/a>. Relevant departments from the Municipality of Jelenje will then forward your request to UC \u010cisto\u0107a Ltd Rijeka.<\/p>\n\n\n\n<p>For questions regarding bulky waste removal and assistance with filling out the request form:<\/p>\n\n\n\n<p><a href=\"tel: +38551374730\">+385 51 374 730<\/a><br><a href=\"http:\/\/www.jelenje.hr\">www.jelenje.hr<\/a><\/p>\n\n\n\n<p>Note: Instructions for filling out the bulky waste removal request form on your mobile devices (Android\/IOS) can be found on this <a rel=\"noreferrer noopener\" href=\"https:\/\/cistocarijeka.hr\/dokumenti\/upute-za-popunjavanje-zahtjeva-za-odvoz-glomaznog-otpada-na-mobilnim-uredajima-android-ios\/\" target=\"_blank\">link<\/a>.<\/p>\n\n\n\n<h2 class=\"wp-block-heading\" id=\"kastav\">Kastav<\/h2>\n\n\n\n<p>For bulky waste removal from the area of Kastav, please follow instructions provided on the website of the <a rel=\"noreferrer noopener\" href=\"https:\/\/kastav.hr\/komunalno-gospodarstvo-i-gradnja\/odvoz-otpada\/\" target=\"_blank\">Town of Kastav<\/a>. Relevant departments from the Town of Kastav will then forward your request to UC \u010cisto\u0107a Ltd Rijeka.<\/p>\n\n\n\n<p>For questions regarding bulky waste removal and assistance with filling out the request form: <\/p>\n\n\n\n<p><a href=\"tel: +38551374730\">+385 51 374 730<\/a><br><a rel=\"noreferrer noopener\" href=\"http:\/\/www.kastav.hr\" target=\"_blank\">www.kastav.hr<\/a><\/p>\n\n\n\n<p>Note: Instructions for filling out the bulky waste removal request form on your mobile devices (Android\/IOS) can be found on this <a rel=\"noreferrer noopener\" href=\"https:\/\/cistocarijeka.hr\/dokumenti\/upute-za-popunjavanje-zahtjeva-za-odvoz-glomaznog-otpada-na-mobilnim-uredajima-android-ios\/\" target=\"_blank\">link<\/a>.<\/p>\n\n\n\n<h2 class=\"wp-block-heading\" id=\"klana\">Klana<\/h2>\n\n\n\n<p>A request to UC \u010cisto\u0107a Ltd Rijeka for bulky waste removal from the area of the Municipality of Klana can be submitted by filling out the bulky waste removal request form. <\/p>\n\n\n\n<div class=\"wp-block-file\"><a href=\"https:\/\/cistocarijeka.hr\/cms\/wp-content\/uploads\/2019\/10\/zahtjev_za_odvoz_glomaznog_otpada.pdf\">Document: Bulky waste removal request form Download (Note: the form is available in Croatian language only.)<\/a><a href=\"https:\/\/cistocarijeka.hr\/cms\/wp-content\/uploads\/2019\/10\/zahtjev_za_odvoz_glomaznog_otpada.pdf\" class=\"wp-block-file__button\" download>Download<\/a><\/div>\n\n\n\n<p>In order to properly submit the request form, please fill it out with required information, save it to your computer and send it to the following:<\/p>\n\n\n\n<p>email: <a href=\"mailto:glomazni.otpad@cistoca-ri.hr\">glomazni.otpad@cistoca-ri.hr<\/a><\/p>\n\n\n\n<p>For questions regarding bulky waste removal and assistance with filling out the request form:<\/p>\n\n\n\n<p><a href=\"tel: +38551374730\">+385 51 374 730<\/a><br><a rel=\"noreferrer noopener\" href=\"http:\/\/www.klana.hr\" target=\"_blank\">www.klana.hr<\/a><\/p>\n\n\n\n<p>Note: Instructions for filling out the bulky waste removal request form on your mobile devices (Android\/IOS) can be found on this <a rel=\"noreferrer noopener\" href=\"https:\/\/cistocarijeka.hr\/dokumenti\/upute-za-popunjavanje-zahtjeva-za-odvoz-glomaznog-otpada-na-mobilnim-uredajima-android-ios\/\" target=\"_blank\">link<\/a>.<\/p>\n\n\n\n<h2 class=\"wp-block-heading\" id=\"kostrena\">Kostrena<\/h2>\n\n\n\n<p>For bulky waste removal from the area of Kostrena, please follow instructions provided on the website of the <a rel=\"noreferrer noopener\" href=\"https:\/\/kostrena.hr\/kd-cistoca-d-o-o-odvoz-glomaznog-otpada-na-zahtjev-korisnika-obrazac\/\" target=\"_blank\">Municipality of Kostrena<\/a>. Relevant departments from the Municipality of Kostrena will then forward your request to UC \u010cisto\u0107a Ltd Rijeka.<\/p>\n\n\n\n<p>For questions regarding bulky waste removal and assistance with filling out the request form:<\/p>\n\n\n\n<p><a href=\"tel: +38551374730\">+385 51 374 730<\/a><br><a rel=\"noreferrer noopener\" href=\"https:\/\/kostrena.hr\/\" target=\"_blank\">www.kostrena.hr<\/a><\/p>\n\n\n\n<p>Note: Instructions for filling out the bulky waste removal request form on your mobile devices (Android\/IOS) can be found on this <a rel=\"noreferrer noopener\" href=\"https:\/\/cistocarijeka.hr\/dokumenti\/upute-za-popunjavanje-zahtjeva-za-odvoz-glomaznog-otpada-na-mobilnim-uredajima-android-ios\/\" target=\"_blank\">link<\/a>.<\/p>\n\n\n\n<h2 class=\"wp-block-heading\" id=\"kraljevica\">Kraljevica<\/h2>\n\n\n\n<p>For bulky waste removal from the area of Kraljevica, please follow instructions provided on the website of the <a rel=\"noreferrer noopener\" href=\"https:\/\/www.kraljevica.hr\/odrzavanje-cistoce\/\" target=\"_blank\">Town of Kraljevica<\/a>. Relevant departments from the Town of Kraljevica will then forward your request to UC \u010cisto\u0107a Ltd Rijeka.<\/p>\n\n\n\n<p>For questions regarding bulky waste removal and assistance with filling out the request form:<\/p>\n\n\n\n<p><a href=\"tel: +38551374730\">+385 51 374 730<\/a><br>&nbsp;<a rel=\"noreferrer noopener\" href=\"http:\/\/www.kraljevica.hr\/\" target=\"_blank\">www.kraljevica.hr<\/a><\/p>\n\n\n\n<p>Note: Instructions for filling out the bulky waste removal request form on your mobile devices (Android\/IOS) can be found on this <a rel=\"noreferrer noopener\" href=\"https:\/\/cistocarijeka.hr\/dokumenti\/upute-za-popunjavanje-zahtjeva-za-odvoz-glomaznog-otpada-na-mobilnim-uredajima-android-ios\/\" target=\"_blank\">link<\/a>.<\/p>\n\n\n\n<h2 class=\"wp-block-heading\" id=\"viskovo\">Vi\u0161kovo<\/h2>\n\n\n\n<p>A request to UC \u010cisto\u0107a Ltd Rijeka for bulky waste removal from the area of the Municipality of Vi\u0161kovo can be submitted by filling out the bulky waste removal request form.<\/p>\n\n\n\n<div class=\"wp-block-file\"><a href=\"https:\/\/cistocarijeka.hr\/cms\/wp-content\/uploads\/2020\/02\/viskovo-zahtjev-za-odvoz-glomaznog-otpada_0.pdf\">Document: bulky waste removal request form (Note: the form is available in Croatian language only)<\/a><a href=\"https:\/\/cistocarijeka.hr\/cms\/wp-content\/uploads\/2020\/02\/viskovo-zahtjev-za-odvoz-glomaznog-otpada_0.pdf\" class=\"wp-block-file__button\" download>Download<\/a><\/div>\n\n\n\n<p>In order to properly submit the request form, please fill it out with required information, save it to your computer and send it to the following:<\/p>\n\n\n\n<p>email: <a href=\"mailto:glomazni.otpad@cistoca-ri.hr\">glomazni.otpad@cistoca-ri.hr<\/a><\/p>\n\n\n\n<p>For questions regarding bulky waste removal and assistance with filling out the request form:<\/p>\n\n\n\n<p><a href=\"tel: +38551374730\">+385 51 374 730<\/a><br><a rel=\"noreferrer noopener\" href=\"https:\/\/opcina-viskovo.hr\/\" target=\"_blank\">www.opcina-viskovo.hr<\/a><\/p>\n\n\n\n<p>Note: Instructions for filling out the bulky waste removal request form on your mobile devices (Android\/IOS) can be found on this <a rel=\"noreferrer noopener\" href=\"https:\/\/cistocarijeka.hr\/dokumenti\/upute-za-popunjavanje-zahtjeva-za-odvoz-glomaznog-otpada-na-mobilnim-uredajima-android-ios\/\" target=\"_blank\">link<\/a>.<\/p>\n\n\n\n<h3 class=\"wp-block-heading\"><strong>Individual removal at own expense<\/strong><\/h3>\n\n\n\n<p>In the entire area of operation of UC \u010cisto\u0107a, the bulky waste skip can also be ordered individually, i.e. at user\u2019s own expense.  For further information, please contact our commercial department at this telephone number: +385 51 353 416.<\/p>\n\n\n\n<figure class=\"wp-block-image size-medium\"><img loading=\"lazy\" decoding=\"async\" width=\"1094\" height=\"691\" data-attachment-id=\"4905\" data-permalink=\"https:\/\/cistocarijeka.hr\/en\/waste-management\/bulky-waste\/cover-glomazni-6-2\/\" data-orig-file=\"https:\/\/cistocarijeka.hr\/cms\/wp-content\/uploads\/2020\/04\/cover-glomazni-6-e1588068466475.jpg\" data-orig-size=\"1094,691\" data-comments-opened=\"0\" data-image-meta=\"{&quot;aperture&quot;:&quot;0&quot;,&quot;credit&quot;:&quot;&quot;,&quot;camera&quot;:&quot;&quot;,&quot;caption&quot;:&quot;&quot;,&quot;created_timestamp&quot;:&quot;0&quot;,&quot;copyright&quot;:&quot;&quot;,&quot;focal_length&quot;:&quot;0&quot;,&quot;iso&quot;:&quot;0&quot;,&quot;shutter_speed&quot;:&quot;0&quot;,&quot;title&quot;:&quot;&quot;,&quot;orientation&quot;:&quot;0&quot;}\" data-image-title=\"cover-glomazni-6\" data-image-description=\"\" data-image-caption=\"\" data-large-file=\"https:\/\/cistocarijeka.hr\/cms\/wp-content\/uploads\/2020\/04\/cover-glomazni-6-e1588068466475.jpg\" src=\"https:\/\/cistocarijeka.hr\/cms\/wp-content\/uploads\/2020\/04\/cover-glomazni-6-e1588068466475.jpg\" alt=\"\" class=\"wp-image-4905\" srcset=\"https:\/\/cistocarijeka.hr\/cms\/wp-content\/uploads\/2020\/04\/cover-glomazni-6-e1588068466475.jpg 1094w, https:\/\/cistocarijeka.hr\/cms\/wp-content\/uploads\/2020\/04\/cover-glomazni-6-e1588068466475-640x404.jpg 640w, https:\/\/cistocarijeka.hr\/cms\/wp-content\/uploads\/2020\/04\/cover-glomazni-6-e1588068466475-768x485.jpg 768w\" sizes=\"auto, (max-width: 1094px) 100vw, 1094px\" \/><\/figure>\n\n\n\n<h3 class=\"wp-block-heading\"><span class=\"has-inline-color has-green-dark-color\"><strong>Instructions on how to deposit bulky waste<\/strong><\/span><\/h3>\n\n\n\n<h3 class=\"wp-block-heading\"><span class=\"has-inline-color has-green-primary-color\"><strong>you CAN dump the following items into skips<\/strong>:<\/span><\/h3>\n\n\n\n<ul class=\"wp-block-list\"><li>bathroom furnishings<\/li><li>flooring<\/li><li>furniture and kitchen furnishings<\/li><li>blinds, windows<\/li><li>radiators, etc.<\/li><\/ul>\n\n\n\n<h3 class=\"wp-block-heading\"><span class=\"has-inline-color has-orange-color\"><strong>please do NOT dump the following items into skips<\/strong>*:<\/span><\/h3>\n\n\n\n<ul class=\"wp-block-list\"><li>branches and green waste from gardens and backyards<\/li><li>hazardous waste (ash, chemicals, paints and varnishes)<\/li><li>motor and edible oils<\/li><li>items containing asbestos<\/li><li>tires, vehicles, batteries and car batteries<\/li><li>electrical and electronic devices<\/li><li>construction material (rubble)<\/li><\/ul>\n\n\n\n<p>* These can be disposed of free of charge if you transport them personally to the <a href=\"https:\/\/cistocarijeka.hr\/en\/waste-management\/recycling-yards\/\">recycling yard<\/a> in the area of your local self-government unit.<\/p>\n\n\n\n<blockquote class=\"wp-block-quote is-layout-flow wp-block-quote-is-layout-flow\"><p>We kindly ask the users not to fill the bulky waste skips above the top edge of a 5 m\u00b3 container.&nbsp;<\/p><\/blockquote>\n\n\n\n<h3 class=\"wp-block-heading\"><span class=\"has-inline-color has-very-dark-grey-color\"><strong>An example of an improperly and a properly loaded bulky waste<\/strong>:<\/span><\/h3>\n\n\n\n<div class=\"wp-block-columns is-layout-flex wp-container-core-columns-is-layout-9d6595d7 wp-block-columns-is-layout-flex\">\n<div class=\"wp-block-column is-layout-flow wp-block-column-is-layout-flow\">\n<figure class=\"wp-block-image size-large\"><a href=\"https:\/\/cistocarijeka.hr\/cms\/wp-content\/uploads\/2021\/02\/bulky-waste-improperly-1266x1280.jpg\"><img loading=\"lazy\" decoding=\"async\" width=\"1266\" height=\"1280\" data-attachment-id=\"6191\" data-permalink=\"https:\/\/cistocarijeka.hr\/en\/waste-management\/bulky-waste\/bulky-waste-improperly\/\" data-orig-file=\"https:\/\/cistocarijeka.hr\/cms\/wp-content\/uploads\/2021\/02\/bulky-waste-improperly.jpg\" data-orig-size=\"1899,1920\" data-comments-opened=\"0\" data-image-meta=\"{&quot;aperture&quot;:&quot;0&quot;,&quot;credit&quot;:&quot;&quot;,&quot;camera&quot;:&quot;&quot;,&quot;caption&quot;:&quot;&quot;,&quot;created_timestamp&quot;:&quot;0&quot;,&quot;copyright&quot;:&quot;&quot;,&quot;focal_length&quot;:&quot;0&quot;,&quot;iso&quot;:&quot;0&quot;,&quot;shutter_speed&quot;:&quot;0&quot;,&quot;title&quot;:&quot;&quot;,&quot;orientation&quot;:&quot;0&quot;}\" data-image-title=\"bulky-waste_improperly\" data-image-description=\"\" data-image-caption=\"\" data-large-file=\"https:\/\/cistocarijeka.hr\/cms\/wp-content\/uploads\/2021\/02\/bulky-waste-improperly-1266x1280.jpg\" src=\"https:\/\/cistocarijeka.hr\/cms\/wp-content\/uploads\/2021\/02\/bulky-waste-improperly-1266x1280.jpg\" alt=\"\" class=\"wp-image-6191\" srcset=\"https:\/\/cistocarijeka.hr\/cms\/wp-content\/uploads\/2021\/02\/bulky-waste-improperly-1266x1280.jpg 1266w, https:\/\/cistocarijeka.hr\/cms\/wp-content\/uploads\/2021\/02\/bulky-waste-improperly-633x640.jpg 633w, https:\/\/cistocarijeka.hr\/cms\/wp-content\/uploads\/2021\/02\/bulky-waste-improperly-768x776.jpg 768w, https:\/\/cistocarijeka.hr\/cms\/wp-content\/uploads\/2021\/02\/bulky-waste-improperly-1519x1536.jpg 1519w, https:\/\/cistocarijeka.hr\/cms\/wp-content\/uploads\/2021\/02\/bulky-waste-improperly.jpg 1899w\" sizes=\"auto, (max-width: 1266px) 100vw, 1266px\" \/><\/a><\/figure>\n\n\n\n<p class=\"has-text-align-center has-orange-color has-text-color has-small-font-size\"><strong><strong>IMPROPERLY LOADED BULKY WASTE<\/strong><\/strong><\/p>\n<\/div>\n\n\n\n<div class=\"wp-block-column is-layout-flow wp-block-column-is-layout-flow\">\n<figure class=\"wp-block-image size-large\"><a href=\"https:\/\/cistocarijeka.hr\/cms\/wp-content\/uploads\/2021\/02\/bulky-waste-properly-1280x1245.jpg\"><img loading=\"lazy\" decoding=\"async\" width=\"1280\" height=\"1245\" data-attachment-id=\"6193\" data-permalink=\"https:\/\/cistocarijeka.hr\/en\/waste-management\/bulky-waste\/bulky-waste-properly\/\" data-orig-file=\"https:\/\/cistocarijeka.hr\/cms\/wp-content\/uploads\/2021\/02\/bulky-waste-properly.jpg\" data-orig-size=\"1920,1868\" data-comments-opened=\"0\" data-image-meta=\"{&quot;aperture&quot;:&quot;0&quot;,&quot;credit&quot;:&quot;&quot;,&quot;camera&quot;:&quot;&quot;,&quot;caption&quot;:&quot;&quot;,&quot;created_timestamp&quot;:&quot;0&quot;,&quot;copyright&quot;:&quot;&quot;,&quot;focal_length&quot;:&quot;0&quot;,&quot;iso&quot;:&quot;0&quot;,&quot;shutter_speed&quot;:&quot;0&quot;,&quot;title&quot;:&quot;&quot;,&quot;orientation&quot;:&quot;0&quot;}\" data-image-title=\"bulky-waste_properly\" data-image-description=\"\" data-image-caption=\"\" data-large-file=\"https:\/\/cistocarijeka.hr\/cms\/wp-content\/uploads\/2021\/02\/bulky-waste-properly-1280x1245.jpg\" src=\"https:\/\/cistocarijeka.hr\/cms\/wp-content\/uploads\/2021\/02\/bulky-waste-properly-1280x1245.jpg\" alt=\"\" class=\"wp-image-6193\" srcset=\"https:\/\/cistocarijeka.hr\/cms\/wp-content\/uploads\/2021\/02\/bulky-waste-properly-1280x1245.jpg 1280w, https:\/\/cistocarijeka.hr\/cms\/wp-content\/uploads\/2021\/02\/bulky-waste-properly-640x623.jpg 640w, https:\/\/cistocarijeka.hr\/cms\/wp-content\/uploads\/2021\/02\/bulky-waste-properly-768x747.jpg 768w, https:\/\/cistocarijeka.hr\/cms\/wp-content\/uploads\/2021\/02\/bulky-waste-properly-1536x1494.jpg 1536w, https:\/\/cistocarijeka.hr\/cms\/wp-content\/uploads\/2021\/02\/bulky-waste-properly.jpg 1920w\" sizes=\"auto, (max-width: 1280px) 100vw, 1280px\" \/><\/a><\/figure>\n\n\n\n<p class=\"has-text-align-center has-green-primary-color has-text-color has-small-font-size\"><strong><strong>PROPERLY LOADED BULKY WASTE<\/strong><\/strong><\/p>\n<\/div>\n<\/div>\n","protected":false},"excerpt":{"rendered":"<p>Bulky waste must not be disposed of in the environment, left on the streets or next to waste bins! In the entire area of its operation [&hellip;]<\/p>\n","protected":false},"author":3,"featured_media":11296,"parent":4866,"menu_order":7,"comment_status":"closed","ping_status":"closed","template":"template-childbox.php","meta":{"_acf_changed":false,"footnotes":""},"class_list":["post-4903","page","type-page","status-publish","has-post-thumbnail","hentry"],"acf":[],"jetpack_sharing_enabled":true,"_links":{"self":[{"href":"https:\/\/cistocarijeka.hr\/en\/wp-json\/wp\/v2\/pages\/4903","targetHints":{"allow":["GET"]}}],"collection":[{"href":"https:\/\/cistocarijeka.hr\/en\/wp-json\/wp\/v2\/pages"}],"about":[{"href":"https:\/\/cistocarijeka.hr\/en\/wp-json\/wp\/v2\/types\/page"}],"author":[{"embeddable":true,"href":"https:\/\/cistocarijeka.hr\/en\/wp-json\/wp\/v2\/users\/3"}],"replies":[{"embeddable":true,"href":"https:\/\/cistocarijeka.hr\/en\/wp-json\/wp\/v2\/comments?post=4903"}],"version-history":[{"count":0,"href":"https:\/\/cistocarijeka.hr\/en\/wp-json\/wp\/v2\/pages\/4903\/revisions"}],"up":[{"embeddable":true,"href":"https:\/\/cistocarijeka.hr\/en\/wp-json\/wp\/v2\/pages\/4866"}],"wp:featuredmedia":[{"embeddable":true,"href":"https:\/\/cistocarijeka.hr\/en\/wp-json\/wp\/v2\/media\/11296"}],"wp:attachment":[{"href":"https:\/\/cistocarijeka.hr\/en\/wp-json\/wp\/v2\/media?parent=4903"}],"curies":[{"name":"wp","href":"https:\/\/api.w.org\/{rel}","templated":true}]}}